{"id":3498,"date":"2024-09-21T23:19:30","date_gmt":"2024-09-21T23:19:30","guid":{"rendered":"https:\/\/mikkellindfoto.dk\/?page_id=3498"},"modified":"2024-09-23T18:37:02","modified_gmt":"2024-09-23T18:37:02","slug":"et-personligt-og-hjertevarmt-forloeb","status":"publish","type":"page","link":"https:\/\/mikkellindfoto.dk\/?page_id=3498","title":{"rendered":"Et personligt og hjertevarmt forl\u00f8b"},"content":{"rendered":"\t\t<div data-elementor-type=\"wp-page\" data-elementor-id=\"3498\" class=\"elementor elementor-3498\">\n\t\t\t\t\t\t<section class=\"elementor-section elementor-top-section elementor-element elementor-element-bdfea06 elementor-section-height-min-height elementor-section-items-stretch elementor-section-content-bottom elementor-reverse-tablet elementor-section-boxed elementor-section-height-default\" data-id=\"bdfea06\" data-element_type=\"section\" data-e-type=\"section\" data-settings=\"{&quot;background_background&quot;:&quot;classic&quot;}\">\n\t\t\t\t\t\t<div class=\"elementor-container elementor-column-gap-no\">\n\t\t\t\t\t<div class=\"elementor-column elementor-col-50 elementor-top-column elementor-element elementor-element-5431784c\" data-id=\"5431784c\" data-element_type=\"column\" data-e-type=\"column\">\n\t\t\t<div class=\"elementor-widget-wrap\">\n\t\t\t\t\t\t\t<\/div>\n\t\t<\/div>\n\t\t\t\t<div class=\"elementor-column elementor-col-50 elementor-top-column elementor-element elementor-element-71e196cd\" data-id=\"71e196cd\" data-element_type=\"column\" data-e-type=\"column\" data-settings=\"{&quot;background_background&quot;:&quot;classic&quot;}\">\n\t\t\t<div class=\"elementor-widget-wrap elementor-element-populated\">\n\t\t\t\t\t\t<div class=\"elementor-element elementor-element-75bbaf27 elementor-invisible elementor-widget elementor-widget-heading\" data-id=\"75bbaf27\" data-element_type=\"widget\" data-e-type=\"widget\" data-settings=\"{&quot;_animation&quot;:&quot;fadeInUp&quot;,&quot;_animation_delay&quot;:200}\" data-widget_type=\"heading.default\">\n\t\t\t\t<div class=\"elementor-widget-container\">\n\t\t\t\t\t<h1 class=\"elementor-heading-title elementor-size-default\">En oplevelse<\/h1>\t\t\t\t<\/div>\n\t\t\t\t<\/div>\n\t\t\t\t<div class=\"elementor-element elementor-element-623da263 elementor-invisible elementor-widget elementor-widget-text-editor\" data-id=\"623da263\" data-element_type=\"widget\" data-e-type=\"widget\" data-settings=\"{&quot;_animation&quot;:&quot;fadeInUp&quot;,&quot;_animation_delay&quot;:400}\" data-widget_type=\"text-editor.default\">\n\t\t\t\t<div class=\"elementor-widget-container\">\n\t\t\t\t\t\t\t\t\t<p>N\u00e5r du booker et bryllupsforl\u00f8b hos mig, skal du gerne f\u00f8le, at du f\u00e5r en oplevelse, som du kan se tilbage p\u00e5 med gl\u00e6de.<br \/><br \/>Derfor leverer jeg altid en personlig, humoristisk og hjertevarm service, som kan m\u00e6rkes.<\/p>\t\t\t\t\t\t\t\t<\/div>\n\t\t\t\t<\/div>\n\t\t\t\t<div class=\"elementor-element elementor-element-653782a elementor-widget__width-initial elementor-widget-tablet__width-inherit elementor-widget-mobile__width-inherit elementor-absolute elementor-widget elementor-widget-spacer\" data-id=\"653782a\" data-element_type=\"widget\" data-e-type=\"widget\" data-settings=\"{&quot;_position&quot;:&quot;absolute&quot;}\" data-widget_type=\"spacer.default\">\n\t\t\t\t<div class=\"elementor-widget-container\">\n\t\t\t\t\t\t\t<div class=\"elementor-spacer\">\n\t\t\t<div class=\"elementor-spacer-inner\"><\/div>\n\t\t<\/div>\n\t\t\t\t\t\t<\/div>\n\t\t\t\t<\/div>\n\t\t\t\t\t<\/div>\n\t\t<\/div>\n\t\t\t\t\t<\/div>\n\t\t<\/section>\n\t\t\t\t<section class=\"elementor-section elementor-top-section elementor-element elementor-element-23e8f872 elementor-section-height-min-height elementor-section-items-stretch elementor-section-content-middle elementor-section-boxed elementor-section-height-default\" data-id=\"23e8f872\" data-element_type=\"section\" data-e-type=\"section\" data-settings=\"{&quot;background_background&quot;:&quot;classic&quot;}\">\n\t\t\t\t\t\t<div class=\"elementor-container elementor-column-gap-no\">\n\t\t\t\t\t<div class=\"elementor-column elementor-col-100 elementor-top-column elementor-element elementor-element-36051150\" data-id=\"36051150\" data-element_type=\"column\" data-e-type=\"column\" data-settings=\"{&quot;background_background&quot;:&quot;classic&quot;}\">\n\t\t\t<div class=\"elementor-widget-wrap elementor-element-populated\">\n\t\t\t\t\t\t<div class=\"elementor-element elementor-element-6a263ce3 elementor-invisible elementor-widget elementor-widget-heading\" data-id=\"6a263ce3\" data-element_type=\"widget\" data-e-type=\"widget\" data-settings=\"{&quot;_animation&quot;:&quot;fadeIn&quot;,&quot;_animation_delay&quot;:400}\" data-widget_type=\"heading.default\">\n\t\t\t\t<div class=\"elementor-widget-container\">\n\t\t\t\t\t<h2 class=\"elementor-heading-title elementor-size-default\">Form\u00f8de<\/h2>\t\t\t\t<\/div>\n\t\t\t\t<\/div>\n\t\t\t\t<div class=\"elementor-element elementor-element-64f18d5b elementor-invisible elementor-widget elementor-widget-text-editor\" data-id=\"64f18d5b\" data-element_type=\"widget\" data-e-type=\"widget\" data-settings=\"{&quot;_animation&quot;:&quot;fadeIn&quot;,&quot;_animation_delay&quot;:600}\" data-widget_type=\"text-editor.default\">\n\t\t\t\t<div class=\"elementor-widget-container\">\n\t\t\t\t\t\t\t\t\t<p>Jeg afholder altid et form\u00f8de med mine brudepar.<\/p><p>P\u00e5 m\u00f8det vil vi gennemg\u00e5 jeres tanker og \u00f8nsker, s\u00e5 I kan g\u00e5 ind til dagen med ro i maven \u2013 og fuld vished om, at alle de vigtigste \u00f8jeblikke bliver foreviget. Derudover er det min erfaring, at det er et rigtig godt afs\u00e6t for bryllupsdagen, at vi lige har hilst p\u00e5 hinanden.<\/p><p>Relationen og vores pingpong p\u00e5 dagen vil oftest afspejle sig i billederne og skabe en masse sk\u00f8nne \u00f8jeblikke!<\/p><p>Inden bryllupsdagen vil vi ogs\u00e5 l\u00f8bende v\u00e6re i kontakt, hvor jeg tjekker ind og h\u00f8rer, om I er klar og om der skulle v\u00e6re sp\u00f8rgsm\u00e5l etc.<\/p>\t\t\t\t\t\t\t\t<\/div>\n\t\t\t\t<\/div>\n\t\t\t\t\t<\/div>\n\t\t<\/div>\n\t\t\t\t\t<\/div>\n\t\t<\/section>\n\t\t\t\t<section class=\"elementor-section elementor-top-section elementor-element elementor-element-642cff2f elementor-section-full_width elementor-section-height-min-height elementor-section-items-stretch elementor-section-content-middle elementor-section-height-default\" data-id=\"642cff2f\" data-element_type=\"section\" data-e-type=\"section\">\n\t\t\t\t\t\t<div class=\"elementor-container elementor-column-gap-no\">\n\t\t\t\t\t<div class=\"elementor-column elementor-col-100 elementor-top-column elementor-element elementor-element-2fc72cbe\" data-id=\"2fc72cbe\" data-element_type=\"column\" data-e-type=\"column\">\n\t\t\t<div class=\"elementor-widget-wrap elementor-element-populated\">\n\t\t\t\t\t\t<div class=\"elementor-element elementor-element-a3a8e6 elementor-widget__width-auto elementor-absolute elementor-invisible elementor-widget elementor-widget-image\" data-id=\"a3a8e6\" data-element_type=\"widget\" data-e-type=\"widget\" data-settings=\"{&quot;_animation&quot;:&quot;slideInLeft&quot;,&quot;_position&quot;:&quot;absolute&quot;}\" data-widget_type=\"image.default\">\n\t\t\t\t<div class=\"elementor-widget-container\">\n\t\t\t\t\t\t\t\t\t\t\t\t\t\t\t<img fetchpriority=\"high\" decoding=\"async\" width=\"683\" height=\"1024\" src=\"https:\/\/mikkellindfoto.dk\/wp-content\/uploads\/2024\/09\/MLJ09937-683x1024.jpg\" class=\"attachment-large size-large wp-image-2552\" alt=\"\" srcset=\"https:\/\/mikkellindfoto.dk\/wp-content\/uploads\/2024\/09\/MLJ09937-683x1024.jpg 683w, https:\/\/mikkellindfoto.dk\/wp-content\/uploads\/2024\/09\/MLJ09937-200x300.jpg 200w, https:\/\/mikkellindfoto.dk\/wp-content\/uploads\/2024\/09\/MLJ09937-768x1152.jpg 768w, https:\/\/mikkellindfoto.dk\/wp-content\/uploads\/2024\/09\/MLJ09937-1024x1536.jpg 1024w, https:\/\/mikkellindfoto.dk\/wp-content\/uploads\/2024\/09\/MLJ09937-1365x2048.jpg 1365w, https:\/\/mikkellindfoto.dk\/wp-content\/uploads\/2024\/09\/MLJ09937-scaled.jpg 1707w\" sizes=\"(max-width: 683px) 100vw, 683px\" \/>\t\t\t\t\t\t\t\t\t\t\t\t\t\t\t<\/div>\n\t\t\t\t<\/div>\n\t\t\t\t<div class=\"elementor-element elementor-element-a394f69 elementor-widget__width-auto elementor-absolute elementor-invisible elementor-widget elementor-widget-image\" data-id=\"a394f69\" data-element_type=\"widget\" data-e-type=\"widget\" data-settings=\"{&quot;_animation&quot;:&quot;slideInRight&quot;,&quot;_animation_delay&quot;:200,&quot;_position&quot;:&quot;absolute&quot;}\" data-widget_type=\"image.default\">\n\t\t\t\t<div class=\"elementor-widget-container\">\n\t\t\t\t\t\t\t\t\t\t\t\t\t\t\t<img decoding=\"async\" width=\"683\" height=\"1024\" src=\"https:\/\/mikkellindfoto.dk\/wp-content\/uploads\/2024\/09\/MLJ07126-683x1024.jpg\" class=\"attachment-large size-large wp-image-2677\" alt=\"\" srcset=\"https:\/\/mikkellindfoto.dk\/wp-content\/uploads\/2024\/09\/MLJ07126-683x1024.jpg 683w, https:\/\/mikkellindfoto.dk\/wp-content\/uploads\/2024\/09\/MLJ07126-200x300.jpg 200w, https:\/\/mikkellindfoto.dk\/wp-content\/uploads\/2024\/09\/MLJ07126-768x1152.jpg 768w, https:\/\/mikkellindfoto.dk\/wp-content\/uploads\/2024\/09\/MLJ07126-1024x1536.jpg 1024w, https:\/\/mikkellindfoto.dk\/wp-content\/uploads\/2024\/09\/MLJ07126-1365x2048.jpg 1365w, https:\/\/mikkellindfoto.dk\/wp-content\/uploads\/2024\/09\/MLJ07126-scaled.jpg 1707w\" sizes=\"(max-width: 683px) 100vw, 683px\" \/>\t\t\t\t\t\t\t\t\t\t\t\t\t\t\t<\/div>\n\t\t\t\t<\/div>\n\t\t\t\t<section class=\"elementor-section elementor-inner-section elementor-element elementor-element-1ab1f914 elementor-section-height-min-height elementor-section-content-middle elementor-section-boxed elementor-section-height-default\" data-id=\"1ab1f914\" data-element_type=\"section\" data-e-type=\"section\" data-settings=\"{&quot;background_background&quot;:&quot;classic&quot;}\">\n\t\t\t\t\t\t<div class=\"elementor-container elementor-column-gap-no\">\n\t\t\t\t\t<div class=\"elementor-column elementor-col-100 elementor-inner-column elementor-element elementor-element-455c9794\" data-id=\"455c9794\" data-element_type=\"column\" data-e-type=\"column\">\n\t\t\t<div class=\"elementor-widget-wrap elementor-element-populated\">\n\t\t\t\t\t\t<div class=\"elementor-element elementor-element-86187f elementor-invisible elementor-widget elementor-widget-heading\" data-id=\"86187f\" data-element_type=\"widget\" data-e-type=\"widget\" data-settings=\"{&quot;_animation&quot;:&quot;fadeIn&quot;}\" data-widget_type=\"heading.default\">\n\t\t\t\t<div class=\"elementor-widget-container\">\n\t\t\t\t\t<h2 class=\"elementor-heading-title elementor-size-default\">Den store dag<\/h2>\t\t\t\t<\/div>\n\t\t\t\t<\/div>\n\t\t\t\t<div class=\"elementor-element elementor-element-46f2328 elementor-invisible elementor-widget elementor-widget-text-editor\" data-id=\"46f2328\" data-element_type=\"widget\" data-e-type=\"widget\" data-settings=\"{&quot;_animation&quot;:&quot;fadeIn&quot;,&quot;_animation_delay&quot;:200}\" data-widget_type=\"text-editor.default\">\n\t\t\t\t<div class=\"elementor-widget-container\">\n\t\t\t\t\t\t\t\t\t<p>N\u00e5r den store dag kommer, vil jeg ankomme 30-40 minutter f\u00f8r vielsen starter. Her s\u00f8rger jeg for at se kirken an, tage billeder af detaljer, hilse p\u00e5 pr\u00e6sten. Derudover g\u00f8r jeg mig klar til forevige gommens og jeres g\u00e6sters ankomst.<\/p><p>Efterf\u00f8lgende agerer jeg fluen-p\u00e5-v\u00e6ggen under og efter vielsen, s\u00e5 b\u00e5de I og jeres g\u00e6ster kan fokusere p\u00e5 det vigtigste, hinanden. Alt imens I nyder tilv\u00e6relsen som nygifte, s\u00f8rger jeg for at forevige alle de sm\u00e5 og store \u00f8jeblikke.<\/p><p>Efter jeres afgang fra kirken m\u00f8des vi p\u00e5 en udvalgt lokation, hvor vi hygger os en times tid med at skyde nogle fantastiske og mindev\u00e6rdige portr\u00e6tter.<br \/><br \/>Herefter vil dagens forl\u00f8b variere alt efter jeres valg af fotopakke.<br \/><br \/><br \/><br \/><br \/><br \/><\/p>\t\t\t\t\t\t\t\t<\/div>\n\t\t\t\t<\/div>\n\t\t\t\t\t<\/div>\n\t\t<\/div>\n\t\t\t\t\t<\/div>\n\t\t<\/section>\n\t\t\t\t\t<\/div>\n\t\t<\/div>\n\t\t\t\t\t<\/div>\n\t\t<\/section>\n\t\t\t\t<section class=\"elementor-section elementor-top-section elementor-element elementor-element-362f9f29 elementor-section-height-min-height elementor-section-items-stretch elementor-section-content-bottom elementor-section-boxed elementor-section-height-default\" data-id=\"362f9f29\" data-element_type=\"section\" data-e-type=\"section\" data-settings=\"{&quot;background_background&quot;:&quot;classic&quot;}\">\n\t\t\t\t\t\t<div class=\"elementor-container elementor-column-gap-no\">\n\t\t\t\t\t<div class=\"elementor-column elementor-col-50 elementor-top-column elementor-element elementor-element-75134a38\" data-id=\"75134a38\" data-element_type=\"column\" data-e-type=\"column\" data-settings=\"{&quot;background_background&quot;:&quot;classic&quot;}\">\n\t\t\t<div class=\"elementor-widget-wrap elementor-element-populated\">\n\t\t\t\t\t\t<div class=\"elementor-element elementor-element-d378db3 elementor-widget__width-initial elementor-invisible elementor-widget elementor-widget-image-box\" data-id=\"d378db3\" data-element_type=\"widget\" data-e-type=\"widget\" data-settings=\"{&quot;_animation&quot;:&quot;fadeIn&quot;,&quot;_animation_delay&quot;:400}\" data-widget_type=\"image-box.default\">\n\t\t\t\t<div class=\"elementor-widget-container\">\n\t\t\t\t\t<div class=\"elementor-image-box-wrapper\"><div class=\"elementor-image-box-content\"><h3 class=\"elementor-image-box-title\"><br>Efter brylluppet<\/h3><p class=\"elementor-image-box-description\">N\u00e5r jeg forlader jer p\u00e5 bryllupsdagen skal I nyde hinanden og jeres fest. Dagen efter vil I modtage et lille udpluk redigerede billeder fra portr\u00e6tsessionen, s\u00e5 I kan vise lidt frem til jeres familie, venner og bekendte og eventuelt bruge p\u00e5 jeres medieplatforme.<br><br>Det tager typisk to til tre uger at redigere jeres bryllupsalbum.\n\nN\u00e5r I modtager albummet gl\u00e6der jeg mig til at h\u00f8re, hvordan det var at genopleve dagen, f\u00f8lelserne og alle de sm\u00e5 sjove \u00f8jeblikke, som I m\u00e5ske slet ikke husker.<\/p><\/div><\/div>\t\t\t\t<\/div>\n\t\t\t\t<\/div>\n\t\t\t\t<div class=\"elementor-element elementor-element-250fc46a elementor-widget__width-initial elementor-widget-tablet__width-inherit elementor-widget-mobile__width-inherit elementor-absolute elementor-widget elementor-widget-spacer\" data-id=\"250fc46a\" data-element_type=\"widget\" data-e-type=\"widget\" data-settings=\"{&quot;_position&quot;:&quot;absolute&quot;}\" data-widget_type=\"spacer.default\">\n\t\t\t\t<div class=\"elementor-widget-container\">\n\t\t\t\t\t\t\t<div class=\"elementor-spacer\">\n\t\t\t<div class=\"elementor-spacer-inner\"><\/div>\n\t\t<\/div>\n\t\t\t\t\t\t<\/div>\n\t\t\t\t<\/div>\n\t\t\t\t\t<\/div>\n\t\t<\/div>\n\t\t\t\t<div class=\"elementor-column elementor-col-50 elementor-top-column elementor-element elementor-element-a4db6e5\" data-id=\"a4db6e5\" data-element_type=\"column\" data-e-type=\"column\">\n\t\t\t<div class=\"elementor-widget-wrap elementor-element-populated\">\n\t\t\t\t\t\t<div class=\"elementor-element elementor-element-2bd0379d elementor-invisible elementor-widget elementor-widget-image\" data-id=\"2bd0379d\" data-element_type=\"widget\" data-e-type=\"widget\" data-settings=\"{&quot;_animation&quot;:&quot;slideInUp&quot;}\" data-widget_type=\"image.default\">\n\t\t\t\t<div class=\"elementor-widget-container\">\n\t\t\t\t\t\t\t\t\t\t\t\t\t\t\t<img decoding=\"async\" width=\"1920\" height=\"1077\" src=\"https:\/\/mikkellindfoto.dk\/wp-content\/uploads\/2024\/09\/cropped-MLJ07409-scaled-1.jpg\" class=\"attachment-full size-full wp-image-3023\" alt=\"\" srcset=\"https:\/\/mikkellindfoto.dk\/wp-content\/uploads\/2024\/09\/cropped-MLJ07409-scaled-1.jpg 1920w, https:\/\/mikkellindfoto.dk\/wp-content\/uploads\/2024\/09\/cropped-MLJ07409-scaled-1-300x168.jpg 300w, https:\/\/mikkellindfoto.dk\/wp-content\/uploads\/2024\/09\/cropped-MLJ07409-scaled-1-1024x574.jpg 1024w, https:\/\/mikkellindfoto.dk\/wp-content\/uploads\/2024\/09\/cropped-MLJ07409-scaled-1-768x431.jpg 768w, https:\/\/mikkellindfoto.dk\/wp-content\/uploads\/2024\/09\/cropped-MLJ07409-scaled-1-1536x862.jpg 1536w\" sizes=\"(max-width: 1920px) 100vw, 1920px\" \/>\t\t\t\t\t\t\t\t\t\t\t\t\t\t\t<\/div>\n\t\t\t\t<\/div>\n\t\t\t\t\t<\/div>\n\t\t<\/div>\n\t\t\t\t\t<\/div>\n\t\t<\/section>\n\t\t\t\t<\/div>\n\t\t","protected":false},"excerpt":{"rendered":"<p>En oplevelse N\u00e5r du booker et bryllupsforl\u00f8b hos mig, skal du gerne f\u00f8le, at du f\u00e5r en oplevelse, som du<\/p>\n<p><a href=\"https:\/\/mikkellindfoto.dk\/?page_id=3498\" class=\"more-link\">Continue reading<span class=\"screen-reader-text\">Et personligt og hjertevarmt forl\u00f8b<\/span><\/a><\/p>\n","protected":false},"author":1,"featured_media":0,"parent":0,"menu_order":0,"comment_status":"closed","ping_status":"closed","template":"","meta":{"footnotes":""},"class_list":["post-3498","page","type-page","status-publish","hentry"],"_links":{"self":[{"href":"https:\/\/mikkellindfoto.dk\/index.php?rest_route=\/wp\/v2\/pages\/3498","targetHints":{"allow":["GET"]}}],"collection":[{"href":"https:\/\/mikkellindfoto.dk\/index.php?rest_route=\/wp\/v2\/pages"}],"about":[{"href":"https:\/\/mikkellindfoto.dk\/index.php?rest_route=\/wp\/v2\/types\/page"}],"author":[{"embeddable":true,"href":"https:\/\/mikkellindfoto.dk\/index.php?rest_route=\/wp\/v2\/users\/1"}],"replies":[{"embeddable":true,"href":"https:\/\/mikkellindfoto.dk\/index.php?rest_route=%2Fwp%2Fv2%2Fcomments&post=3498"}],"version-history":[{"count":21,"href":"https:\/\/mikkellindfoto.dk\/index.php?rest_route=\/wp\/v2\/pages\/3498\/revisions"}],"predecessor-version":[{"id":3589,"href":"https:\/\/mikkellindfoto.dk\/index.php?rest_route=\/wp\/v2\/pages\/3498\/revisions\/3589"}],"wp:attachment":[{"href":"https:\/\/mikkellindfoto.dk\/index.php?rest_route=%2Fwp%2Fv2%2Fmedia&parent=3498"}],"curies":[{"name":"wp","href":"https:\/\/api.w.org\/{rel}","templated":true}]}}